{"id":25,"date":"2023-04-12T06:03:46","date_gmt":"2023-04-12T06:03:46","guid":{"rendered":"https:\/\/ardecotrade.ro\/?page_id=25"},"modified":"2023-04-21T10:51:25","modified_gmt":"2023-04-21T10:51:25","slug":"colectare","status":"publish","type":"page","link":"https:\/\/ardecotrade.ro\/en\/colectare\/","title":{"rendered":"Collecting"},"content":{"rendered":"<div data-elementor-type=\"wp-page\" data-elementor-id=\"25\" class=\"elementor elementor-25\">\n\t\t\t\t\t\t\t<div class=\"elementor-element elementor-element-a956540 e-con-boxed e-flex e-con\" data-id=\"a956540\" data-element_type=\"container\" data-settings=\"{&quot;content_width&quot;:&quot;boxed&quot;}\" data-e-bg-lazyload=\"\">\n\t\t\t\t\t<div class=\"e-con-inner\">\n\t\t\t\t<div class=\"elementor-element elementor-element-a42a2d3 elementor-widget elementor-widget-text-editor\" data-id=\"a42a2d3\" data-element_type=\"widget\" data-widget_type=\"text-editor.default\">\n\t\t\t\t<div class=\"elementor-widget-container\">\n\t\t\t<style>\/*! elementor - v3.13.3 - 28-05-2023 *\/\n.elementor-widget-text-editor.elementor-drop-cap-view-stacked .elementor-drop-cap{background-color:#69727d;color:#fff}.elementor-widget-text-editor.elementor-drop-cap-view-framed .elementor-drop-cap{color:#69727d;border:3px solid;background-color:transparent}.elementor-widget-text-editor:not(.elementor-drop-cap-view-default) .elementor-drop-cap{margin-top:8px}.elementor-widget-text-editor:not(.elementor-drop-cap-view-default) .elementor-drop-cap-letter{width:1em;height:1em}.elementor-widget-text-editor .elementor-drop-cap{float:left;text-align:center;line-height:1;font-size:50px}.elementor-widget-text-editor .elementor-drop-cap-letter{display:inline-block}<\/style>\t\t\t\t<p>Today\u2019s production of paper and single-use plastics has grown more than ever. More production means more waste and more resources used. Because of that, recycling has become a necessity. Whether we talk about HoReCa, automotive industry or public institutions, they all produce waste. Having such a wide range of waste generators, the job of recyclators has become increasingly complex when it comes to collecting waste.<\/p>\t\t\t\t\t\t<\/div>\n\t\t\t\t<\/div>\n\t\t\t\t<div class=\"elementor-element elementor-element-2e4b638 elementor-widget elementor-widget-text-editor\" data-id=\"2e4b638\" data-element_type=\"widget\" data-widget_type=\"text-editor.default\">\n\t\t\t\t<div class=\"elementor-widget-container\">\n\t\t\t\t\t\t\t<p>Our purpose as collector is to ease up the procces recycling companies go through to buy raw materials. We colaborate with industrial waste generators, collect paper, cardboard and plastic waste and other non-hazardous and hazardous waste and thus managing to gather large quantities of waste in a singular area. We assure a high quality waste paper by sorting it according to the European list of waste paper grades, list which you can consult <a href=\"https:\/\/www.wpt-nl.com\/downloads\/8817-EN-ListofEuropeanstandardtypesPaper.pdf\"><strong>here<\/strong><\/a>.<\/p>\t\t\t\t\t\t<\/div>\n\t\t\t\t<\/div>\n\t\t\t\t<div class=\"elementor-element elementor-element-d9af68b elementor-headline--style-highlight elementor-widget elementor-widget-animated-headline\" data-id=\"d9af68b\" data-element_type=\"widget\" data-settings=\"{&quot;marker&quot;:&quot;underline_zigzag&quot;,&quot;highlighted_text&quot;:&quot;Hai s\\u0103 colabor\\u0103m! &quot;,&quot;headline_style&quot;:&quot;highlight&quot;,&quot;loop&quot;:&quot;yes&quot;,&quot;highlight_animation_duration&quot;:1200,&quot;highlight_iteration_delay&quot;:8000}\" data-no-translation=\"\" data-widget_type=\"animated-headline.default\">\n\t\t\t\t<div class=\"elementor-widget-container\">\n\t\t\t<link rel=\"stylesheet\" href=\"https:\/\/ardecotrade.ro\/wp-content\/plugins\/elementor-pro\/assets\/css\/widget-animated-headline.min.css\"><style>.elementor-element-d9af68b{display:none !important}<\/style>\t\t<\/div>\n\t\t\t\t<\/div>\n\t\t\t\t<div class=\"elementor-element elementor-element-98d8055 elementor-headline--style-highlight elementor-widget elementor-widget-animated-headline\" data-id=\"98d8055\" data-element_type=\"widget\" data-settings=\"{&quot;marker&quot;:&quot;underline_zigzag&quot;,&quot;highlighted_text&quot;:&quot;Let&#039;s collaborate!&quot;,&quot;headline_style&quot;:&quot;highlight&quot;,&quot;loop&quot;:&quot;yes&quot;,&quot;highlight_animation_duration&quot;:1200,&quot;highlight_iteration_delay&quot;:8000}\" data-no-translation=\"\" data-widget_type=\"animated-headline.default\">\n\t\t\t\t<div class=\"elementor-widget-container\">\n\t\t\t\t\t\t<a href=\"\/contact\/\">\n\n\t\t\t\t\t<h3 class=\"elementor-headline\">\n\t\t\t\t\t<span class=\"elementor-headline-plain-text elementor-headline-text-wrapper\">Cleaner today, greener tomorrow. With your help, we can make a difference.<\/span>\n\t\t\t\t<span class=\"elementor-headline-dynamic-wrapper elementor-headline-text-wrapper\">\n\t\t\t\t\t<span class=\"elementor-headline-dynamic-text elementor-headline-text-active\">Let's collaborate!<\/span>\n\t\t\t\t<\/span>\n\t\t\t\t<\/h3>\n\t\t<\/a>\t\t<\/div>\n\t\t\t\t<\/div>\n\t\t\t\t\t<\/div>\n\t\t\t\t<\/div>\n\t\t\t\t\t\t\t<\/div>","protected":false},"excerpt":{"rendered":"<p>Tr\u0103im \u00eentr-o lume \u00een care produc\u021bia, mai ales a h\u00e2rtiilor si a ambalajelor de unica folosin\u021b\u0103, este mai mare ca oric\u00e2nd. Produc\u021bia mai mare \u00eenseamn\u0103 mai multe resurse utilizate si mai multe de\u0219euri generate. De aceea este esen\u021bial sa recicl\u0103m, acum mai mult ca niciodat\u0103, pentru a putea opri un viitor dezastru climatic. Fie c\u0103 [&hellip;]<\/p>","protected":false},"author":1,"featured_media":0,"parent":0,"menu_order":0,"comment_status":"closed","ping_status":"closed","template":"","meta":{"footnotes":""},"class_list":["post-25","page","type-page","status-publish","hentry"],"yoast_head":"<!-- This site is optimized with the Yoast SEO plugin v20.9 - https:\/\/yoast.com\/wordpress\/plugins\/seo\/ -->\n<title>Colectare - ARD | Eco Trade<\/title>\n<meta name=\"robots\" content=\"index, follow, max-snippet:-1, max-image-preview:large, max-video-preview:-1\" \/>\n<link rel=\"canonical\" href=\"https:\/\/ardecotrade.ro\/en\/colectare\/\" \/>\n<meta property=\"og:locale\" content=\"en_US\" \/>\n<meta property=\"og:type\" content=\"article\" \/>\n<meta property=\"og:title\" content=\"Colectare - ARD | Eco Trade\" \/>\n<meta property=\"og:description\" content=\"Tr\u0103im \u00eentr-o lume \u00een care produc\u021bia, mai ales a h\u00e2rtiilor si a ambalajelor de unica folosin\u021b\u0103, este mai mare ca oric\u00e2nd. Produc\u021bia mai mare \u00eenseamn\u0103 mai multe resurse utilizate si mai multe de\u0219euri generate. De aceea este esen\u021bial sa recicl\u0103m, acum mai mult ca niciodat\u0103, pentru a putea opri un viitor dezastru climatic. Fie c\u0103 [&hellip;]\" \/>\n<meta property=\"og:url\" content=\"https:\/\/ardecotrade.ro\/en\/colectare\/\" \/>\n<meta property=\"og:site_name\" content=\"ARD | Eco Trade\" \/>\n<meta property=\"article:modified_time\" content=\"2023-04-21T10:51:25+00:00\" \/>\n<meta name=\"twitter:card\" content=\"summary_large_image\" \/>\n<meta name=\"twitter:label1\" content=\"Est. reading time\" \/>\n\t<meta name=\"twitter:data1\" content=\"2 minutes\" \/>\n<script type=\"application\/ld+json\" class=\"yoast-schema-graph\">{\"@context\":\"https:\/\/schema.org\",\"@graph\":[{\"@type\":\"WebPage\",\"@id\":\"https:\/\/ardecotrade.ro\/colectare\/\",\"url\":\"https:\/\/ardecotrade.ro\/colectare\/\",\"name\":\"Colectare - ARD | Eco Trade\",\"isPartOf\":{\"@id\":\"https:\/\/ardecotrade.ro\/#website\"},\"datePublished\":\"2023-04-12T06:03:46+00:00\",\"dateModified\":\"2023-04-21T10:51:25+00:00\",\"breadcrumb\":{\"@id\":\"https:\/\/ardecotrade.ro\/colectare\/#breadcrumb\"},\"inLanguage\":\"en-US\",\"potentialAction\":[{\"@type\":\"ReadAction\",\"target\":[\"https:\/\/ardecotrade.ro\/colectare\/\"]}]},{\"@type\":\"BreadcrumbList\",\"@id\":\"https:\/\/ardecotrade.ro\/colectare\/#breadcrumb\",\"itemListElement\":[{\"@type\":\"ListItem\",\"position\":1,\"name\":\"Prima pagin\u0103\",\"item\":\"https:\/\/ardecotrade.ro\/\"},{\"@type\":\"ListItem\",\"position\":2,\"name\":\"Colectare\"}]},{\"@type\":\"WebSite\",\"@id\":\"https:\/\/ardecotrade.ro\/#website\",\"url\":\"https:\/\/ardecotrade.ro\/\",\"name\":\"ARD | Eco Trade\",\"description\":\"\",\"publisher\":{\"@id\":\"https:\/\/ardecotrade.ro\/#organization\"},\"potentialAction\":[{\"@type\":\"SearchAction\",\"target\":{\"@type\":\"EntryPoint\",\"urlTemplate\":\"https:\/\/ardecotrade.ro\/?s={search_term_string}\"},\"query-input\":\"required name=search_term_string\"}],\"inLanguage\":\"en-US\"},{\"@type\":\"Organization\",\"@id\":\"https:\/\/ardecotrade.ro\/#organization\",\"name\":\"ARD | Eco Trade\",\"url\":\"https:\/\/ardecotrade.ro\/\",\"logo\":{\"@type\":\"ImageObject\",\"inLanguage\":\"en-US\",\"@id\":\"https:\/\/ardecotrade.ro\/#\/schema\/logo\/image\/\",\"url\":\"https:\/\/ardecotrade.ro\/wp-content\/uploads\/2023\/04\/logo-ARD-1-1-1.png\",\"contentUrl\":\"https:\/\/ardecotrade.ro\/wp-content\/uploads\/2023\/04\/logo-ARD-1-1-1.png\",\"width\":111,\"height\":70,\"caption\":\"ARD | Eco Trade\"},\"image\":{\"@id\":\"https:\/\/ardecotrade.ro\/#\/schema\/logo\/image\/\"}}]}<\/script>\n<!-- \/ Yoast SEO plugin. -->","yoast_head_json":{"title":"Colectare - ARD | Eco Trade","robots":{"index":"index","follow":"follow","max-snippet":"max-snippet:-1","max-image-preview":"max-image-preview:large","max-video-preview":"max-video-preview:-1"},"canonical":"https:\/\/ardecotrade.ro\/en\/colectare\/","og_locale":"en_US","og_type":"article","og_title":"Colectare - ARD | Eco Trade","og_description":"Tr\u0103im \u00eentr-o lume \u00een care produc\u021bia, mai ales a h\u00e2rtiilor si a ambalajelor de unica folosin\u021b\u0103, este mai mare ca oric\u00e2nd. Produc\u021bia mai mare \u00eenseamn\u0103 mai multe resurse utilizate si mai multe de\u0219euri generate. De aceea este esen\u021bial sa recicl\u0103m, acum mai mult ca niciodat\u0103, pentru a putea opri un viitor dezastru climatic. Fie c\u0103 [&hellip;]","og_url":"https:\/\/ardecotrade.ro\/en\/colectare\/","og_site_name":"ARD | Eco Trade","article_modified_time":"2023-04-21T10:51:25+00:00","twitter_card":"summary_large_image","twitter_misc":{"Est. reading time":"2 minutes"},"schema":{"@context":"https:\/\/schema.org","@graph":[{"@type":"WebPage","@id":"https:\/\/ardecotrade.ro\/colectare\/","url":"https:\/\/ardecotrade.ro\/colectare\/","name":"Colectare - ARD | Eco Trade","isPartOf":{"@id":"https:\/\/ardecotrade.ro\/#website"},"datePublished":"2023-04-12T06:03:46+00:00","dateModified":"2023-04-21T10:51:25+00:00","breadcrumb":{"@id":"https:\/\/ardecotrade.ro\/colectare\/#breadcrumb"},"inLanguage":"en-US","potentialAction":[{"@type":"ReadAction","target":["https:\/\/ardecotrade.ro\/colectare\/"]}]},{"@type":"BreadcrumbList","@id":"https:\/\/ardecotrade.ro\/colectare\/#breadcrumb","itemListElement":[{"@type":"ListItem","position":1,"name":"Prima pagin\u0103","item":"https:\/\/ardecotrade.ro\/"},{"@type":"ListItem","position":2,"name":"Colectare"}]},{"@type":"WebSite","@id":"https:\/\/ardecotrade.ro\/#website","url":"https:\/\/ardecotrade.ro\/","name":"ARD | Eco Trade","description":"","publisher":{"@id":"https:\/\/ardecotrade.ro\/#organization"},"potentialAction":[{"@type":"SearchAction","target":{"@type":"EntryPoint","urlTemplate":"https:\/\/ardecotrade.ro\/?s={search_term_string}"},"query-input":"required name=search_term_string"}],"inLanguage":"en-US"},{"@type":"Organization","@id":"https:\/\/ardecotrade.ro\/#organization","name":"ARD | Eco Trade","url":"https:\/\/ardecotrade.ro\/","logo":{"@type":"ImageObject","inLanguage":"en-US","@id":"https:\/\/ardecotrade.ro\/#\/schema\/logo\/image\/","url":"https:\/\/ardecotrade.ro\/wp-content\/uploads\/2023\/04\/logo-ARD-1-1-1.png","contentUrl":"https:\/\/ardecotrade.ro\/wp-content\/uploads\/2023\/04\/logo-ARD-1-1-1.png","width":111,"height":70,"caption":"ARD | Eco Trade"},"image":{"@id":"https:\/\/ardecotrade.ro\/#\/schema\/logo\/image\/"}}]}},"_links":{"self":[{"href":"https:\/\/ardecotrade.ro\/en\/wp-json\/wp\/v2\/pages\/25","targetHints":{"allow":["GET"]}}],"collection":[{"href":"https:\/\/ardecotrade.ro\/en\/wp-json\/wp\/v2\/pages"}],"about":[{"href":"https:\/\/ardecotrade.ro\/en\/wp-json\/wp\/v2\/types\/page"}],"author":[{"embeddable":true,"href":"https:\/\/ardecotrade.ro\/en\/wp-json\/wp\/v2\/users\/1"}],"replies":[{"embeddable":true,"href":"https:\/\/ardecotrade.ro\/en\/wp-json\/wp\/v2\/comments?post=25"}],"version-history":[{"count":41,"href":"https:\/\/ardecotrade.ro\/en\/wp-json\/wp\/v2\/pages\/25\/revisions"}],"predecessor-version":[{"id":619,"href":"https:\/\/ardecotrade.ro\/en\/wp-json\/wp\/v2\/pages\/25\/revisions\/619"}],"wp:attachment":[{"href":"https:\/\/ardecotrade.ro\/en\/wp-json\/wp\/v2\/media?parent=25"}],"curies":[{"name":"wp","href":"https:\/\/api.w.org\/{rel}","templated":true}]}}